{"id":224,"date":"2017-06-18T09:42:36","date_gmt":"2017-06-18T09:42:36","guid":{"rendered":"https:\/\/jazzmussig.wordpress.com\/?page_id=224"},"modified":"2024-04-25T11:47:31","modified_gmt":"2024-04-25T09:47:31","slug":"innen-und-aussen","status":"publish","type":"page","link":"https:\/\/weiland-liftdienst.de\/?page_id=224","title":{"rendered":"Innen- und Au\u00dfenlifte"},"content":{"rendered":"<p style=\"text-align: center;\">Der kleine Lift f\u00fcr drinnen und drau\u00dfen, <strong>Weiland-Lift<\/strong>, ist ein Homelift, passend f\u00fcr jede \u00f6ffentliche oder private Stelle entwickelt und hergestellt.<\/p>\n<p style=\"text-align: center;\"><strong>Weiland-Lift<\/strong> ist ein Produkt mit raffinierten Details und eleganten Oberfl\u00e4chen, dadurch ist es ideal f\u00fcr zu Hause und den Einsatz im Freien, im <strong>Innen- oder Au\u00dfenbereich<\/strong>.<\/p>\n<p style=\"text-align: center;\">Wenn Sie einen kleinen Hauslift suchen, bietet <strong>Weiland-Lift<\/strong>\u00a0Spezifikationen und Oberfl\u00e4chen f\u00fcr reduzierte R\u00e4ume im Einklang mit Stil und Komfort.<\/p>\n<p style=\"text-align: center;\"><strong>Schachtger\u00fcst<\/strong><br \/>\nDas Schachtger\u00fcst aus eloxiertem Aluminium ist unglaublich leicht und widerstandsf\u00e4hig. Sie k\u00f6nnen <strong>Weiland-Lift<\/strong> daher \u00fcberall installieren, auch au\u00dferhalb des Geb\u00e4udes, wodurch eine bessere Raumnutzung garantiert wird, welche den architektonischen Kontext nicht beeintr\u00e4chtigt.<br \/>\nDas serienm\u00e4\u00dfig gelieferte Schachtger\u00fcst aus Aluminium erfordert keinerlei Oberfl\u00e4chenbehandlung, verzieht sich nicht, ben\u00f6tigt keine Wartung und erleidet im Laufe der Zeit keine Abnutzung, auch nicht, wenn es dem Wetter ausgesetzt ist.<\/p>\n<p style=\"text-align: center;\"><strong>Gemauerter Schacht<\/strong><\/p>\n<p style=\"text-align: center;\">Der <strong>Weiland-Lift<\/strong> kann auch in einem Schacht eines Hauses installiert werden, z.B. aus Mauerwerk oder Beton.<\/p>\n","protected":false},"excerpt":{"rendered":"<p>Der kleine Lift f\u00fcr drinnen und drau\u00dfen, Weiland-Lift, ist ein Homelift, passend f\u00fcr jede \u00f6ffentliche oder private Stelle entwickelt und hergestellt. Weiland-Lift ist ein Produkt mit raffinierten Details und eleganten Oberfl\u00e4chen, dadurch ist es ideal f\u00fcr zu Hause und den Einsatz im Freien, im Innen- oder Au\u00dfenbereich. Wenn Sie einen kleinen Hauslift suchen, bietet Weiland-Lift\u00a0Spezifikationen<a class=\"more-link\" href=\"https:\/\/weiland-liftdienst.de\/?page_id=224\"><span class=\"screen-reader-text\">&#8222;Innen- und Au\u00dfenlifte&#8220;<\/span> weiterlesen<\/a><\/p>\n","protected":false},"author":1,"featured_media":0,"parent":0,"menu_order":0,"comment_status":"closed","ping_status":"closed","template":"full-width.php","meta":{"footnotes":""},"_links":{"self":[{"href":"https:\/\/weiland-liftdienst.de\/index.php?rest_route=\/wp\/v2\/pages\/224"}],"collection":[{"href":"https:\/\/weiland-liftdienst.de\/index.php?rest_route=\/wp\/v2\/pages"}],"about":[{"href":"https:\/\/weiland-liftdienst.de\/index.php?rest_route=\/wp\/v2\/types\/page"}],"author":[{"embeddable":true,"href":"https:\/\/weiland-liftdienst.de\/index.php?rest_route=\/wp\/v2\/users\/1"}],"replies":[{"embeddable":true,"href":"https:\/\/weiland-liftdienst.de\/index.php?rest_route=%2Fwp%2Fv2%2Fcomments&post=224"}],"version-history":[{"count":3,"href":"https:\/\/weiland-liftdienst.de\/index.php?rest_route=\/wp\/v2\/pages\/224\/revisions"}],"predecessor-version":[{"id":352,"href":"https:\/\/weiland-liftdienst.de\/index.php?rest_route=\/wp\/v2\/pages\/224\/revisions\/352"}],"wp:attachment":[{"href":"https:\/\/weiland-liftdienst.de\/index.php?rest_route=%2Fwp%2Fv2%2Fmedia&parent=224"}],"curies":[{"name":"wp","href":"https:\/\/api.w.org\/{rel}","templated":true}]}}