{"id":63,"date":"2016-01-29T18:22:07","date_gmt":"2016-01-29T18:22:07","guid":{"rendered":"http:\/\/jazzmussig.wordpress.com\/?page_id=1"},"modified":"2020-09-28T20:41:02","modified_gmt":"2020-09-28T18:41:02","slug":"about","status":"publish","type":"page","link":"https:\/\/weiland-liftdienst.de\/?page_id=63","title":{"rendered":"\u00dcber uns"},"content":{"rendered":"<p>Die Firma Weiland Liftdienst wurde 1991 von Herrn Michael Weiland gegr\u00fcndet.<br \/>\n1994 wurde die damals noch als Einzelfirma eingetragene Firma Michael Weiland Liftdienst in die Weiland Liftdienst GmbH umgewandelt.<\/p>\n<p>Philosophie<br \/>\nAn erster Stelle stehen die Ziele unserer Kunden.<br \/>\nUm diese bestm\u00f6glich verwirklichen zu k\u00f6nnen, ist f\u00fcr uns der st\u00e4ndige Gedankenaustausch zwischen uns, dem Kunden, den einzelnen Verb\u00e4nden sowie Selbsthilfegruppen \u00e4u\u00dferst wichtig. Dieser schafft das Vertrauen und den notwendigen Informationsfluss, ohne den die Erarbeitung einer zielgerichteten Aufzugsanlage bzw. Mobilit\u00e4tsl\u00f6sung nicht m\u00f6glich w\u00e4re.<br \/>\nGanzheitliches Denken und ein hellwaches Ideenbewu\u00dftsein bilden die Basis f\u00fcr unsere Arbeit.<\/p>\n<p>Konzept<br \/>\nErst die zielgerichtete, konsequente Umsetzung und Durchf\u00fchrung einer<br \/>\nMobilit\u00e4tsidee f\u00fchrt zum Erfolg.<br \/>\nEin Konzept zu erarbeiten bedeutet f\u00fcr uns, die Lebenssituation und die damit verbundenen Probleme unserer Kunden genau kennenzulernen, um dann die daf\u00fcr passende Aufzugsanlage bzw. Mobilit\u00e4tshilfe auszuw\u00e4hlen. Dadurch sichern wir die gew\u00fcnschte Lebensqualit\u00e4t und ersparen so in vielen F\u00e4llen den Gang in eine Pflegestation.<\/p>\n<p>Realisation<br \/>\nZur Realisation der individuell auf den jeweiligen Kunden zugeschnittenen Mobilit\u00e4tsma\u00dfnahmen haben wir alle notwendigen Mittel zur Verf\u00fcgung.<br \/>\nEin motiviertes, hochqualifiziertes Team von Spezialisten steht den Kunden st\u00e4ndig mit Rat und Tat zur Seite. Unsere Kreativit\u00e4t und unser K\u00f6nnen werden Sie begeistern.<\/p>\n","protected":false},"excerpt":{"rendered":"<p>Die Firma Weiland Liftdienst wurde 1991 von Herrn Michael Weiland gegr\u00fcndet. 1994 wurde die damals noch als Einzelfirma eingetragene Firma Michael Weiland Liftdienst in die Weiland Liftdienst GmbH umgewandelt. Philosophie An erster Stelle stehen die Ziele unserer Kunden. Um diese bestm\u00f6glich verwirklichen zu k\u00f6nnen, ist f\u00fcr uns der st\u00e4ndige Gedankenaustausch zwischen uns, dem Kunden, den<a class=\"more-link\" href=\"https:\/\/weiland-liftdienst.de\/?page_id=63\"><span class=\"screen-reader-text\">&#8222;\u00dcber uns&#8220;<\/span> weiterlesen<\/a><\/p>\n","protected":false},"author":1,"featured_media":0,"parent":0,"menu_order":0,"comment_status":"closed","ping_status":"closed","template":"full-width.php","meta":{"footnotes":""},"_links":{"self":[{"href":"https:\/\/weiland-liftdienst.de\/index.php?rest_route=\/wp\/v2\/pages\/63"}],"collection":[{"href":"https:\/\/weiland-liftdienst.de\/index.php?rest_route=\/wp\/v2\/pages"}],"about":[{"href":"https:\/\/weiland-liftdienst.de\/index.php?rest_route=\/wp\/v2\/types\/page"}],"author":[{"embeddable":true,"href":"https:\/\/weiland-liftdienst.de\/index.php?rest_route=\/wp\/v2\/users\/1"}],"replies":[{"embeddable":true,"href":"https:\/\/weiland-liftdienst.de\/index.php?rest_route=%2Fwp%2Fv2%2Fcomments&post=63"}],"version-history":[{"count":1,"href":"https:\/\/weiland-liftdienst.de\/index.php?rest_route=\/wp\/v2\/pages\/63\/revisions"}],"predecessor-version":[{"id":291,"href":"https:\/\/weiland-liftdienst.de\/index.php?rest_route=\/wp\/v2\/pages\/63\/revisions\/291"}],"wp:attachment":[{"href":"https:\/\/weiland-liftdienst.de\/index.php?rest_route=%2Fwp%2Fv2%2Fmedia&parent=63"}],"curies":[{"name":"wp","href":"https:\/\/api.w.org\/{rel}","templated":true}]}}